{"id":3528,"date":"2015-07-30T17:41:59","date_gmt":"2015-07-30T15:41:59","guid":{"rendered":"http:\/\/montagsmaler.info\/?page_id=3528"},"modified":"2019-04-03T17:52:51","modified_gmt":"2019-04-03T15:52:51","slug":"galerie-veranstaltungen","status":"publish","type":"page","link":"http:\/\/montagsmaler.info\/?page_id=3528","title":{"rendered":"Galerie Events"},"content":{"rendered":"<p>[et_pb_section bb_built=&#8220;1&#8243; admin_label=&#8220;section&#8220; fullwidth=&#8220;on&#8220; custom_padding_last_edited=&#8220;on|desktop&#8220; _builder_version=&#8220;3.0.47&#8243; custom_padding_tablet=&#8220;50px|0|50px|0&#8243; transparent_background=&#8220;off&#8220; padding_mobile=&#8220;off&#8220;][et_pb_fullwidth_slider show_arrows=&#8220;off&#8220; show_pagination=&#8220;off&#8220; _builder_version=&#8220;3.0.47&#8243; background_size=&#8220;default&#8220; background_position=&#8220;default&#8220; custom_padding=&#8220;190||190|&#8220; custom_padding_tablet=&#8220;|||&#8220; custom_padding_phone=&#8220;|||&#8220; auto=&#8220;on&#8220; auto_speed=&#8220;3000&#8243; top_padding=&#8220;190&#8243; bottom_padding=&#8220;190&#8243; remove_inner_shadow=&#8220;off&#8220; hide_content_on_mobile=&#8220;off&#8220; hide_cta_on_mobile=&#8220;off&#8220; saved_tabs=&#8220;all&#8220; show_inner_shadow=&#8220;on&#8220; show_content_on_mobile=&#8220;on&#8220; show_cta_on_mobile=&#8220;on&#8220;]<\/p>\n<p>[et_pb_slide _builder_version=&#8220;3.0.47&#8243; background_image=&#8220;http:\/\/test.silentsmith.com\/wp-content\/uploads\/2015\/07\/nirvana-slide1.jpg&#8220; background_size=&#8220;default&#8220; background_position=&#8220;default&#8220; custom_button=&#8220;off&#8220; button_icon_placement=&#8220;right&#8220; button_on_hover=&#8220;on&#8220;] [\/et_pb_slide][et_pb_slide _builder_version=&#8220;3.0.47&#8243; background_image=&#8220;http:\/\/montagsmaler.info\/wp-content\/uploads\/2015\/07\/20140628_1312371.jpg&#8220; background_size=&#8220;default&#8220; background_position=&#8220;default&#8220; custom_button=&#8220;off&#8220; button_icon_placement=&#8220;right&#8220; button_on_hover=&#8220;on&#8220;] [\/et_pb_slide][et_pb_slide _builder_version=&#8220;3.0.47&#8243; background_image=&#8220;http:\/\/montagsmaler.info\/wp-content\/uploads\/2015\/07\/IMG-20150727-WA00114.jpg&#8220; background_size=&#8220;default&#8220; background_position=&#8220;default&#8220; custom_button=&#8220;off&#8220; button_icon_placement=&#8220;right&#8220; button_on_hover=&#8220;on&#8220;] [\/et_pb_slide][et_pb_slide _builder_version=&#8220;3.0.47&#8243; background_image=&#8220;http:\/\/montagsmaler.info\/wp-content\/uploads\/2015\/07\/S42001024.jpg&#8220; background_size=&#8220;default&#8220; background_position=&#8220;default&#8220; custom_button=&#8220;off&#8220; button_icon_placement=&#8220;right&#8220; button_on_hover=&#8220;on&#8220;] [\/et_pb_slide][et_pb_slide _builder_version=&#8220;3.0.47&#8243; background_image=&#8220;http:\/\/test.silentsmith.com\/wp-content\/uploads\/2015\/07\/20150531_135524.jpg&#8220; background_size=&#8220;default&#8220; background_position=&#8220;default&#8220; custom_button=&#8220;off&#8220; button_icon_placement=&#8220;right&#8220; button_on_hover=&#8220;on&#8220;] [\/et_pb_slide][et_pb_slide _builder_version=&#8220;3.0.47&#8243; background_image=&#8220;http:\/\/montagsmaler.info\/wp-content\/uploads\/2015\/07\/20131027_1213141.jpg&#8220; background_size=&#8220;default&#8220; background_position=&#8220;default&#8220; custom_button=&#8220;off&#8220; button_icon_placement=&#8220;right&#8220; button_on_hover=&#8220;on&#8220;] [\/et_pb_slide]<\/p>\n<p>[\/et_pb_fullwidth_slider][et_pb_fullwidth_post_title meta=&#8220;off&#8220; featured_image=&#8220;off&#8220; _builder_version=&#8220;3.0.47&#8243; title_font=&#8220;|on|||&#8220; title_font_size=&#8220;35&#8243; title_text_color=&#8220;#000000&#8243; title_all_caps=&#8220;off&#8220; background_color=&#8220;rgba(255,255,255,0)&#8220; parallax=&#8220;on&#8220; parallax_method=&#8220;on&#8220; text_orientation=&#8220;center&#8220; use_border_color=&#8220;off&#8220; border_color=&#8220;#ffffff&#8220; border_style=&#8220;solid&#8220; parallax_effect=&#8220;on&#8220; module_bg_color=&#8220;rgba(255,255,255,0)&#8220;]<br \/>\n[\/et_pb_fullwidth_post_title][\/et_pb_section][et_pb_section bb_built=&#8220;1&#8243; admin_label=&#8220;section&#8220; _builder_version=&#8220;3.0.47&#8243;][et_pb_row admin_label=&#8220;row&#8220; _builder_version=&#8220;3.0.47&#8243; background_size=&#8220;initial&#8220; background_position=&#8220;top_left&#8220; background_repeat=&#8220;repeat&#8220;][et_pb_column type=&#8220;4_4&#8243;][et_pb_divider color=&#8220;#000000&#8243; show_divider=&#8220;on&#8220; disabled_on=&#8220;on|on|off&#8220; _builder_version=&#8220;3.0.47&#8243; hide_on_mobile=&#8220;on&#8220;]<br \/>\n[\/et_pb_divider][\/et_pb_column][\/et_pb_row][\/et_pb_section][et_pb_section bb_built=&#8220;1&#8243; _builder_version=&#8220;3.0.47&#8243;][et_pb_row _builder_version=&#8220;3.0.90&#8243;][et_pb_column type=&#8220;1_3&#8243;][et_pb_text _builder_version=&#8220;3.0.90&#8243; text_font=&#8220;|on|||&#8220; text_font_size=&#8220;18&#8243; text_text_color=&#8220;#000000&#8243; background_size=&#8220;initial&#8220; background_position=&#8220;top_left&#8220; background_repeat=&#8220;repeat&#8220; module_alignment=&#8220;center&#8220; background_layout=&#8220;light&#8220;]<\/p>\n<p style=\"text-align: center;\">Junggesellenabschied Heike 2019<\/p>\n<p>[\/et_pb_text][et_pb_gallery gallery_ids=&#8220;32147,32148,32149,32150,32151,32152,32153,32154,32155,32156,32157,32158,32159,32160,32161,32162,32163,32164,32165,32166,32167,32168,32169&#8243; posts_number=&#8220;1&#8243; show_title_and_caption=&#8220;off&#8220; show_pagination=&#8220;off&#8220; _builder_version=&#8220;3.0.90&#8243; pagination_font_size_tablet=&#8220;51&#8243; pagination_line_height_tablet=&#8220;2&#8243; fullwidth=&#8220;off&#8220; orientation=&#8220;landscape&#8220; zoom_icon_color=&#8220;#2ea3f2&#8243; hover_overlay_color=&#8220;rgba(255,255,255,0.9)&#8220; background_layout=&#8220;light&#8220;]<br \/>\n[\/et_pb_gallery][\/et_pb_column][et_pb_column type=&#8220;1_3&#8243;][et_pb_text _builder_version=&#8220;3.0.90&#8243; text_font=&#8220;|on|||&#8220; text_font_size=&#8220;18&#8243; text_text_color=&#8220;#000000&#8243; background_size=&#8220;initial&#8220; background_position=&#8220;top_left&#8220; background_repeat=&#8220;repeat&#8220; module_alignment=&#8220;center&#8220;]<\/p>\n<p style=\"text-align: center;\">Sommerfest\u00a02018<\/p>\n<p>[\/et_pb_text][et_pb_gallery gallery_ids=&#8220;31628,31572,31573,31574,31575,31576,31577,31578,31579,31580,31581,31582,31583,31584,31585,31586,31587,31588,31589,31590,31591,31592,31593,31594,31595,31596,31597,31598,31599,31600,31601,31629,31602,31603,31604,31605,31606,31607,31608,31609,31610,31611,31612,31613,31614,31615,31616,31617,31618,31619,31620,31621,31622,31623,31624,31625,31626,31627&#8243; posts_number=&#8220;1&#8243; show_title_and_caption=&#8220;off&#8220; show_pagination=&#8220;off&#8220; _builder_version=&#8220;3.0.90&#8243; pagination_font_size_tablet=&#8220;51&#8243; pagination_line_height_tablet=&#8220;2&#8243;]<br \/>\n[\/et_pb_gallery][\/et_pb_column][et_pb_column type=&#8220;1_3&#8243;][et_pb_text _builder_version=&#8220;3.0.60&#8243; text_font=&#8220;|on|||&#8220; text_font_size=&#8220;18&#8243; text_text_color=&#8220;#000000&#8243; background_size=&#8220;initial&#8220; background_position=&#8220;top_left&#8220; background_repeat=&#8220;repeat&#8220; text_orientation=&#8220;center&#8220; module_alignment=&#8220;center&#8220; border_style=&#8220;solid&#8220;]<\/p>\n<p>Sommerfest\u00a02017<\/p>\n<p>[\/et_pb_text][et_pb_gallery gallery_ids=&#8220;29097,29098,29099,29100,29101,29102,29103,29104,29105,29106,29107,29108,29109,29110,29111,29112,29113,29114,29115,29116,29117,29118,29119,29120,29121,29122,29123,29124,29125,29126,29127,29128,29129,29130,29131,29132,29133,29134,29135,29136,29137,29138,29139,29140,29141,29142,29143,29144,29145,29146,29147,29148,29149,29150,29151,29152,29153,29154,29155,29156,29157,29158,29159,29160,29161,29162,29163,29164,29165,29166,29167,29168,29169,29170,29171,29172&#8243; posts_number=&#8220;1&#8243; show_title_and_caption=&#8220;off&#8220; show_pagination=&#8220;off&#8220; _builder_version=&#8220;3.0.60&#8243; border_style=&#8220;solid&#8220;]<br \/>\n[\/et_pb_gallery][\/et_pb_column][\/et_pb_row][\/et_pb_section][et_pb_section bb_built=&#8220;1&#8243; admin_label=&#8220;section&#8220; background_color=&#8220;#ffffff&#8220; custom_padding_last_edited=&#8220;on|desktop&#8220; _builder_version=&#8220;3.0.47&#8243; custom_padding_tablet=&#8220;50px|0|50px|0&#8243; transparent_background=&#8220;off&#8220; padding_mobile=&#8220;off&#8220;][et_pb_row _builder_version=&#8220;3.0.47&#8243; background_size=&#8220;initial&#8220; background_position=&#8220;top_left&#8220; background_repeat=&#8220;repeat&#8220;][et_pb_column type=&#8220;1_4&#8243;][et_pb_text _builder_version=&#8220;3.0.47&#8243; text_font=&#8220;|on|||&#8220; text_font_size=&#8220;18&#8243; text_text_color=&#8220;#000000&#8243; background_size=&#8220;initial&#8220; background_position=&#8220;top_left&#8220; background_repeat=&#8220;repeat&#8220; text_orientation=&#8220;center&#8220; module_alignment=&#8220;center&#8220; use_border_color=&#8220;off&#8220; border_color=&#8220;#ffffff&#8220; border_style=&#8220;solid&#8220;]<\/p>\n<p>Sommerfest\u00a02016<\/p>\n<p>[\/et_pb_text][et_pb_gallery gallery_ids=&#8220;6374,6375,6376,6377,6378,6379,6380,6381,6382,6383,6384,6385,6386,6387,6388,6389,6390,6391,6392,6393,6394,6395,6396,6397,6398,6399,6400,6401,6402,6403,6404,6405,6406,6407,6408,6409,6410,6411,6412,6413,6414,6415,6416,6417,6418,6419,6420,6421,6422,6423,6424,6425,6426,6427,6428,6429&#8243; posts_number=&#8220;1&#8243; show_title_and_caption=&#8220;off&#8220; show_pagination=&#8220;off&#8220; _builder_version=&#8220;3.0.47&#8243; use_border_color=&#8220;off&#8220; border_color=&#8220;#ffffff&#8220; border_style=&#8220;solid&#8220;]<br \/>\n[\/et_pb_gallery][\/et_pb_column][et_pb_column type=&#8220;1_4&#8243;][et_pb_text _builder_version=&#8220;3.0.47&#8243; text_font=&#8220;|on|||&#8220; text_font_size=&#8220;18&#8243; text_text_color=&#8220;#000000&#8243; background_size=&#8220;initial&#8220; background_position=&#8220;top_left&#8220; background_repeat=&#8220;repeat&#8220; text_orientation=&#8220;center&#8220; module_alignment=&#8220;center&#8220; use_border_color=&#8220;off&#8220; border_color=&#8220;#ffffff&#8220; border_style=&#8220;solid&#8220;]<\/p>\n<p>M\u00e4nnertag 2016<\/p>\n<p>[\/et_pb_text][et_pb_gallery gallery_ids=&#8220;6111,6112,6113,6114,6115,6116,6117,6118,6119,6120,6121,6122,6123,6124,6125,6126,6127,6128,6129,6130,6131,6132,6133,6134,6135,6136,6137,6138,6139,6140,6141,6142,6143,6144,6145,6146,6147,6148,6149,6150,6151,6152,6153,6154,6155,6156,6157,6158,6159,6160,6161,6162,6163,6164,6165,6166,6167,6168,6169,6170,6171,6172,6173,6174,6175,6176,6177,6178,6179,6180,6181,6182,6183,6184,6185,6186,6187,6188,6189,6190,6191,6192,6193,6194,6195,6196,6197,6198,6199,6200,6201,6202,6203,6204,6205,6206,6207,6208,6209,6210,6211,6212,6213&#8243; posts_number=&#8220;1&#8243; show_title_and_caption=&#8220;off&#8220; show_pagination=&#8220;off&#8220; _builder_version=&#8220;3.0.47&#8243; use_border_color=&#8220;off&#8220; border_color=&#8220;#ffffff&#8220; border_style=&#8220;solid&#8220;]<br \/>\n[\/et_pb_gallery][\/et_pb_column][et_pb_column type=&#8220;1_4&#8243;][et_pb_text _builder_version=&#8220;3.0.47&#8243; text_font=&#8220;|on|||&#8220; text_font_size=&#8220;18&#8243; text_text_color=&#8220;#000000&#8243; background_size=&#8220;initial&#8220; background_position=&#8220;top_left&#8220; background_repeat=&#8220;repeat&#8220; text_orientation=&#8220;center&#8220; module_alignment=&#8220;center&#8220; use_border_color=&#8220;off&#8220; border_color=&#8220;#ffffff&#8220; border_style=&#8220;solid&#8220;]<\/p>\n<p>M\u00e4nnertag 2015<\/p>\n<p>[\/et_pb_text][et_pb_gallery gallery_ids=&#8220;2974,2975,2976,2977,2978,2983,2982,2981,2980,2979,2984,2985,2986,2987,2988,3052,3051,3050,3049,3044,3045,3046,3047,3048,3043,3042,3041,3040,3039,3034,3035,3036,3037,3038,3029,3030,3031,3032,3033,3028,3027,3026,3025,3024,3019,3020,3021,3022,3023,3018,3017,3016,3015,3014,3009,3010,3011,3012,3013,3008,3007,3006,3005,3004,2999,3000,3001,3002,3003,2998,2997,2996,2995,2994,2989,2990,2991,2992,2993,2969,2970,2971,2972,2973,2968,2967,2966,2965,2964,2959,2960,2961,2962,2963,2958,2957,2956,2955,2954,2949,2950,2951,2952,2953,2948,2947,2946,2945,2944,2939,2940,2941,2942,2943,2938,2937,2936,2935,2934,2929,2930,2931,2932,2933,2928,2927,2926,2925,2924,2919,2920,2921,2922,2923,2918,2917,2916,2915,2914,2909,2910,2911,2912,2913,2908,2907,2906,2905,2904,2899,2900,2901,2902,2903,2898,2897,2896,2894,2889,2890,2891,2892,2893,2888,2887,2886,2885,2884,2879,2880,2881,2882,2883,2878,2877,2876&#8243; posts_number=&#8220;1&#8243; show_title_and_caption=&#8220;off&#8220; show_pagination=&#8220;off&#8220; _builder_version=&#8220;3.0.47&#8243; use_border_color=&#8220;off&#8220; border_color=&#8220;#ffffff&#8220; border_style=&#8220;solid&#8220;]<br \/>\n[\/et_pb_gallery][\/et_pb_column][et_pb_column type=&#8220;1_4&#8243;][et_pb_text _builder_version=&#8220;3.0.47&#8243; text_font=&#8220;|on|||&#8220; text_font_size=&#8220;18&#8243; text_text_color=&#8220;#000000&#8243; background_size=&#8220;initial&#8220; background_position=&#8220;top_left&#8220; background_repeat=&#8220;repeat&#8220; text_orientation=&#8220;center&#8220; module_alignment=&#8220;center&#8220; use_border_color=&#8220;off&#8220; border_color=&#8220;#ffffff&#8220; border_style=&#8220;solid&#8220;]<\/p>\n<p>M\u00e4nnertag 2014<\/p>\n<p>[\/et_pb_text][et_pb_gallery gallery_ids=&#8220;1530,1529,1524,1525,1526,1527,1528,1523,1522,1521,1520,1519,1518,1517,1516,1515,1514,1509,1510,1511,1512,1513,1508,1507,1506,1505,1504,1499,1500,1501,1502,1503,1498,1497,1496,1495,1494,1489,1490,1491,1492,1493,1488,1487,1486,1485,1484,1479,1480,1481,1482,1483,1478,1477,1476,1475,1474,1469,1470,1471,1472,1473,1468,1467,1466,1465,1464,1459,1460,1461,1462,1463,1458,1457,1455,1454,1456,1451,1450,1449,1452,1453,1448,1447,1446,1445,1444,1439,1440,1441,1442,1443,1438,1437,1436,1435,1434,1429,1430,1431,1432,1433,1428,1427,1425,1424,1423&#8243; posts_number=&#8220;1&#8243; show_title_and_caption=&#8220;off&#8220; show_pagination=&#8220;off&#8220; _builder_version=&#8220;3.0.47&#8243; use_border_color=&#8220;off&#8220; border_color=&#8220;#ffffff&#8220; border_style=&#8220;solid&#8220;]<br \/>\n[\/et_pb_gallery][\/et_pb_column][\/et_pb_row][et_pb_row _builder_version=&#8220;3.0.47&#8243; background_size=&#8220;initial&#8220; background_position=&#8220;top_left&#8220; background_repeat=&#8220;repeat&#8220;][et_pb_column type=&#8220;1_4&#8243;][et_pb_text _builder_version=&#8220;3.0.47&#8243; text_font=&#8220;|on|||&#8220; text_font_size=&#8220;18&#8243; text_text_color=&#8220;#000000&#8243; background_size=&#8220;initial&#8220; background_position=&#8220;top_left&#8220; background_repeat=&#8220;repeat&#8220; text_orientation=&#8220;center&#8220; module_alignment=&#8220;center&#8220; use_border_color=&#8220;off&#8220; border_color=&#8220;#ffffff&#8220; border_style=&#8220;solid&#8220;]<\/p>\n<p>G\u00fcnther\u00b4s 70ster<\/p>\n<p>[\/et_pb_text][et_pb_gallery gallery_ids=&#8220;5231,5154,5155,5156,5157,5158,5159,5160,5161,5162,5163,5164,5165,5166,5167,5168,5169,5170,5171,5172,5173,5174,5175,5176,5177,5178,5179,5180,5181,5182,5183,5184,5185,5186,5187,5188,5189,5190,5191,5192,5193,5194,5195,5196,5197,5198,5199,5200,5201,5202,5203,5204,5205,5206,5207,5208,5209,5210,5211,5212,5213,5214,5215,5216,5217,5218,5219,5220,5221,5222,5223,5224,5225,5226,5227,5228,5229,5230&#8243; posts_number=&#8220;1&#8243; show_title_and_caption=&#8220;off&#8220; show_pagination=&#8220;off&#8220; _builder_version=&#8220;3.0.47&#8243; use_border_color=&#8220;off&#8220; border_color=&#8220;#ffffff&#8220; border_style=&#8220;solid&#8220;]<br \/>\n[\/et_pb_gallery][\/et_pb_column][et_pb_column type=&#8220;1_4&#8243;][et_pb_text _builder_version=&#8220;3.0.47&#8243; text_font=&#8220;|on|||&#8220; text_font_size=&#8220;18&#8243; text_text_color=&#8220;#000000&#8243; background_size=&#8220;initial&#8220; background_position=&#8220;top_left&#8220; background_repeat=&#8220;repeat&#8220; text_orientation=&#8220;center&#8220; module_alignment=&#8220;center&#8220; use_border_color=&#8220;off&#8220; border_color=&#8220;#ffffff&#8220; border_style=&#8220;solid&#8220;]<\/p>\n<p>Sommerfest 2015<\/p>\n<p>[\/et_pb_text][et_pb_gallery gallery_ids=&#8220;3215,3214,3213,3212,3207,3208,3209,3210,3211,3206,3205,3204,3203,3202,3201,3200,3199,3198,3197,3192,3193,3194,3195,3196,3191,3190,3189,3188,3187,3182,3183,3184,3185,3186,3181,3180,3179,3178,3177,3176,3175,3174,3173,3172,3167,3168,3169,3170,3171,3162,3163,3164,3165,3166,3161,3160,3159,3158,3157,3152,3153,3154,3155,3156,3151,3150,3149,3148,3147,3142,3143,3144,3145,3146,3141,3140,3139,3138,3137,3132,3133,3134,3135,3136,3131,3130,3129,3128,3127,3126,3125,3124,3123,3122,3117,3118,3119,3120,3121,3116,3115,3114,3113&#8243; posts_number=&#8220;1&#8243; show_title_and_caption=&#8220;off&#8220; show_pagination=&#8220;off&#8220; _builder_version=&#8220;3.0.47&#8243; use_border_color=&#8220;off&#8220; border_color=&#8220;#ffffff&#8220; border_style=&#8220;solid&#8220;]<br \/>\n[\/et_pb_gallery][\/et_pb_column][et_pb_column type=&#8220;1_4&#8243;][et_pb_text _builder_version=&#8220;3.0.47&#8243; text_font=&#8220;|on|||&#8220; text_font_size=&#8220;18&#8243; text_text_color=&#8220;#000000&#8243; background_size=&#8220;initial&#8220; background_position=&#8220;top_left&#8220; background_repeat=&#8220;repeat&#8220; text_orientation=&#8220;center&#8220; module_alignment=&#8220;center&#8220; use_border_color=&#8220;off&#8220; border_color=&#8220;#ffffff&#8220; border_style=&#8220;solid&#8220;]<\/p>\n<p>Kanena<\/p>\n<p>[\/et_pb_text][et_pb_gallery gallery_ids=&#8220;1380,1381,1382,1383,1384,1385,1386,1387,1388,1389,1390,1395,1394,1393,1392,1391,1396,1397,1398,1399,1400,1405,1404,1403,1402,1401,1406,1407,1408,1409,1410,1415,1414,1413,1412,1411,1419,1418,1417,1416&#8243; posts_number=&#8220;1&#8243; show_title_and_caption=&#8220;off&#8220; show_pagination=&#8220;off&#8220; _builder_version=&#8220;3.0.47&#8243; use_border_color=&#8220;off&#8220; border_color=&#8220;#ffffff&#8220; border_style=&#8220;solid&#8220;]<br \/>\n[\/et_pb_gallery][\/et_pb_column][et_pb_column type=&#8220;1_4&#8243;][et_pb_text _builder_version=&#8220;3.0.47&#8243; text_font=&#8220;|on|||&#8220; text_font_size=&#8220;18&#8243; text_text_color=&#8220;#000000&#8243; background_size=&#8220;initial&#8220; background_position=&#8220;top_left&#8220; background_repeat=&#8220;repeat&#8220; text_orientation=&#8220;center&#8220; module_alignment=&#8220;center&#8220; use_border_color=&#8220;off&#8220; border_color=&#8220;#ffffff&#8220; border_style=&#8220;solid&#8220;]<\/p>\n<p>Pool Party Mike<\/p>\n<p>[\/et_pb_text][et_pb_gallery gallery_ids=&#8220;1622,1621,1620,1615,1616,1617,1618,1619,1614,1613,1612,1611,1610,1609,1608,1607,1606,1605,1600,1601,1602,1603,1604,1599,1598,1597,1596,1595,1590,1586,1581,1591,1592,1593,1594,1585,1587,1588,1589,1584,1583,1582,1580,1575,1576,1577,1578,1579,1574,1573,1572,1571,1570,1565,1566,1567,1568,1569,1564&#8243; posts_number=&#8220;1&#8243; show_title_and_caption=&#8220;off&#8220; show_pagination=&#8220;off&#8220; _builder_version=&#8220;3.0.47&#8243; use_border_color=&#8220;off&#8220; border_color=&#8220;#ffffff&#8220; border_style=&#8220;solid&#8220;]<br \/>\n[\/et_pb_gallery][\/et_pb_column][\/et_pb_row][et_pb_row admin_label=&#8220;row&#8220; _builder_version=&#8220;3.0.47&#8243; background_size=&#8220;initial&#8220; background_position=&#8220;top_left&#8220; background_repeat=&#8220;repeat&#8220;][et_pb_column type=&#8220;4_4&#8243;][et_pb_divider color=&#8220;#000000&#8243; show_divider=&#8220;on&#8220; disabled_on=&#8220;on|on|off&#8220; _builder_version=&#8220;3.0.47&#8243; hide_on_mobile=&#8220;on&#8220;]<br \/>\n[\/et_pb_divider][et_pb_cta button_url=&#8220;http:\/\/montagsmaler.info\/?page_id=3515&#8243; button_text=&#8220;Haupt\u00fcbersicht&#8220; use_background_color=&#8220;off&#8220; _builder_version=&#8220;3.0.47&#8243; background_size=&#8220;initial&#8220; background_position=&#8220;top_left&#8220; background_repeat=&#8220;repeat&#8220; custom_button=&#8220;on&#8220; button_text_color=&#8220;#000000&#8243; button_border_color=&#8220;#000000&#8243; button_use_icon=&#8220;default&#8220; use_border_color=&#8220;off&#8220; border_color=&#8220;#ffffff&#8220; border_style=&#8220;solid&#8220;]<br \/>\n[\/et_pb_cta][et_pb_divider disabled_on=&#8220;on|on|off&#8220; _builder_version=&#8220;3.0.47&#8243; hide_on_mobile=&#8220;on&#8220;]<br \/>\n[\/et_pb_divider][\/et_pb_column][\/et_pb_row][\/et_pb_section]<\/p>\n","protected":false},"excerpt":{"rendered":"<p>Junggesellenabschied Heike 2019 Sommerfest\u00a02018 Sommerfest\u00a02017 Sommerfest\u00a02016 M\u00e4nnertag 2016 M\u00e4nnertag 2015 M\u00e4nnertag 2014 G\u00fcnther\u00b4s 70ster Sommerfest 2015 Kanena Pool Party Mike<\/p>\n","protected":false},"author":1,"featured_media":0,"parent":0,"menu_order":0,"comment_status":"closed","ping_status":"open","template":"","meta":{"_et_pb_use_builder":"on","_et_pb_old_content":"","_et_gb_content_width":"","jetpack_post_was_ever_published":false,"footnotes":""},"class_list":["post-3528","page","type-page","status-publish","hentry"],"jetpack_sharing_enabled":true,"jetpack_shortlink":"https:\/\/wp.me\/P5hNb8-UU","_links":{"self":[{"href":"http:\/\/montagsmaler.info\/index.php?rest_route=\/wp\/v2\/pages\/3528","targetHints":{"allow":["GET"]}}],"collection":[{"href":"http:\/\/montagsmaler.info\/index.php?rest_route=\/wp\/v2\/pages"}],"about":[{"href":"http:\/\/montagsmaler.info\/index.php?rest_route=\/wp\/v2\/types\/page"}],"author":[{"embeddable":true,"href":"http:\/\/montagsmaler.info\/index.php?rest_route=\/wp\/v2\/users\/1"}],"replies":[{"embeddable":true,"href":"http:\/\/montagsmaler.info\/index.php?rest_route=%2Fwp%2Fv2%2Fcomments&post=3528"}],"version-history":[{"count":5,"href":"http:\/\/montagsmaler.info\/index.php?rest_route=\/wp\/v2\/pages\/3528\/revisions"}],"predecessor-version":[{"id":32170,"href":"http:\/\/montagsmaler.info\/index.php?rest_route=\/wp\/v2\/pages\/3528\/revisions\/32170"}],"wp:attachment":[{"href":"http:\/\/montagsmaler.info\/index.php?rest_route=%2Fwp%2Fv2%2Fmedia&parent=3528"}],"curies":[{"name":"wp","href":"https:\/\/api.w.org\/{rel}","templated":true}]}}